{"id":2,"date":"2020-09-09T09:23:04","date_gmt":"2020-09-09T09:23:04","guid":{"rendered":"http:\/\/kpzmostar.org\/novi\/?page_id=2"},"modified":"2023-01-27T13:11:02","modified_gmt":"2023-01-27T12:11:02","slug":"sample-page","status":"publish","type":"page","link":"http:\/\/kpzmostar.org\/novi\/","title":{"rendered":"Slu\u017ebene stranice KPZ Mostar"},"content":{"rendered":"\n<p>Dobro do\u0161li na na\u0161e slu\u017ebene stranice<\/p>\n","protected":false},"excerpt":{"rendered":"<p>Dobro do\u0161li na na\u0161e slu\u017ebene stranice<\/p>\n","protected":false},"author":1,"featured_media":68,"parent":0,"menu_order":0,"comment_status":"closed","ping_status":"open","template":"","meta":{"footnotes":""},"_links":{"self":[{"href":"http:\/\/kpzmostar.org\/novi\/wp-json\/wp\/v2\/pages\/2"}],"collection":[{"href":"http:\/\/kpzmostar.org\/novi\/wp-json\/wp\/v2\/pages"}],"about":[{"href":"http:\/\/kpzmostar.org\/novi\/wp-json\/wp\/v2\/types\/page"}],"author":[{"embeddable":true,"href":"http:\/\/kpzmostar.org\/novi\/wp-json\/wp\/v2\/users\/1"}],"replies":[{"embeddable":true,"href":"http:\/\/kpzmostar.org\/novi\/wp-json\/wp\/v2\/comments?post=2"}],"version-history":[{"count":6,"href":"http:\/\/kpzmostar.org\/novi\/wp-json\/wp\/v2\/pages\/2\/revisions"}],"predecessor-version":[{"id":86,"href":"http:\/\/kpzmostar.org\/novi\/wp-json\/wp\/v2\/pages\/2\/revisions\/86"}],"wp:featuredmedia":[{"embeddable":true,"href":"http:\/\/kpzmostar.org\/novi\/wp-json\/wp\/v2\/media\/68"}],"wp:attachment":[{"href":"http:\/\/kpzmostar.org\/novi\/wp-json\/wp\/v2\/media?parent=2"}],"curies":[{"name":"wp","href":"https:\/\/api.w.org\/{rel}","templated":true}]}}